{"id":97,"date":"2022-05-16T12:04:14","date_gmt":"2022-05-16T10:04:14","guid":{"rendered":"https:\/\/www.lalevantina.es\/cookies-2\/"},"modified":"2024-01-11T12:57:52","modified_gmt":"2024-01-11T10:57:52","slug":"cookies","status":"publish","type":"page","link":"https:\/\/www.lalevantina.es\/ca\/cookies\/","title":{"rendered":"Cookies"},"content":{"rendered":"\n<div style=\"height:30px\" aria-hidden=\"true\" class=\"wp-block-spacer\"><\/div>\n\n\n\n<p>Utilitzem cookies pr\u00f2pies i de tercers per a analitzar l&#8217;\u00fas del lloc web i mostrar-te publicitat relacionada amb les teves prefer\u00e8ncies sobre la base d&#8217;un perfil elaborat a partir dels teus h\u00e0bits de navegaci\u00f3 (per exemple, p\u00e0gines visitades).<\/p>\n\n\n\n<p><strong>\u00bfQU\u00c8 \u00c9S UNA COOKIE?<\/strong><\/p>\n\n\n\n<p>Aquest lloc web utilitza cookies i\/o tecnologies similars que emmagatzemen i recuperen informaci\u00f3 durant la teva navegaci\u00f3. En general, aquestes tecnologies poden servir per a finalitats molt diverses, com ara per recon\u00e8ixer-te com a usuari, obtenir informaci\u00f3 sobre els teus h\u00e0bits de navegaci\u00f3 o personalitzar la manera en qu\u00e8 se\u2019t mostra el contingut. Tot seguit es descriuen els usos concrets que fem d\u2019aquestes tecnologies.<\/p>\n\n\n\n<p><strong>TIPUS DE COOKIES UTILITZADES<\/strong><\/p>\n\n\n\n<p>Aquest web utilitza tant cookies pr\u00f2pies com cookies de tercers. Pots permetre o bloquejar les cookies, a m\u00e9s d\u2019esborrar les teves dades de navegaci\u00f3 (incloses les cookies), des del navegador que utilitzes. Consulta les opcions i les instruccions que ofereix el teu navegador en aquest sentit. Tingues en compte que, si acceptes les cookies de tercers, per eliminar-les haur\u00e0s d\u2019anar a les opcions del navegador. Segons la finalitat amb qu\u00e8 es tractin les dades obtingudes a trav\u00e9s de les cookies, el web en pot utilitzar els tipus seg\u00fcents:<\/p>\n\n\n\n<p><strong>A) Tipus de cookies segons l&#8217;entitat que les gestiona:<\/strong><\/p>\n\n\n\n<ul><li><strong>Cookies pr\u00f2pies<\/strong><ul><li>S\u00f3n les que s\u2019envien a l\u2019equip terminal de l\u2019usuari des d\u2019un equip o domini gestionat per l\u2019editor mateix, des del qual es presta el servei que ha sol\u00b7licitat l\u2019usuari.<\/li><\/ul><\/li><li><strong>Cookies de tercers<\/strong><ul><li>S\u00f3n les que s\u2019envien a l\u2019equip terminal de l\u2019usuari des d\u2019un equip o domini que no gestiona l\u2019editor, sin\u00f3 una altra entitat que tracta les dades obtingudes a trav\u00e9s de les cookies.<\/li><\/ul><\/li><\/ul>\n\n\n\n<p><strong>B) Tipus de cookies segons el per\u00edode de temps en qu\u00e8 es mantenen activades:<\/strong><\/p>\n\n\n\n<ul><li><strong>Cookies de sessi\u00f3<\/strong><ul><li>S\u00f3n les que s\u2019han dissenyat per recollir i emmagatzemar dades mentre l\u2019usuari accedeix a una p\u00e0gina web. Normalment s\u2019utilitzen per emmagatzemar informaci\u00f3 que nom\u00e9s cal conservar per prestar el servei que ha sol\u00b7licitat l\u2019usuari una sola vegada (per exemple, una llista de productes adquirits) i que desapareixen quan finalitza la sessi\u00f3.<\/li><\/ul><\/li><li><strong>Cookies persistents<\/strong><ul><li>S\u00f3n les que continuen en el terminal i emmagatzemen les dades perqu\u00e8 s\u2019hi pugui accedir i es puguin tractar durant un per\u00edode definit pel responsable de la cookie, que pot ser d\u2019uns minuts o de diversos anys.<\/li><\/ul><\/li><\/ul>\n\n\n\n<p><strong>C) Tipus de cookies segons la seva finalitat:<\/strong><\/p>\n\n\n\n<ul><li><strong>Cookies t\u00e8cniques<\/strong><ul><li>S\u00f3n les que permeten a l\u2019usuari navegar per un lloc web, una plataforma o una aplicaci\u00f3 i utilitzar les opcions o els serveis diversos que s\u2019hi ofereixen. S\u2019inclouen les cookies que l\u2019editor utilitza per permetre la gesti\u00f3 i el funcionament del lloc web i per habilitar-hi funcions i serveis, com ara controlar el tr\u00e0fic i la comunicaci\u00f3 de dades, identificar la sessi\u00f3, accedir a parts d\u2019acc\u00e9s restringit, recordar els elements que integren una comanda, dur a terme el proc\u00e9s de compra d\u2019una comanda, gestionar el pagament, controlar qualsevol frau vinculat a la seguretat del servei, emetre la sol\u00b7licitud d\u2019inscripci\u00f3 o participaci\u00f3 en un esdeveniment, comptabilitzar visites a l\u2019efecte de facturaci\u00f3 de llic\u00e8ncies del programari amb el qual funciona el servei (lloc web, plataforma o aplicaci\u00f3), utilitzar elements de seguretat durant la navegaci\u00f3, emmagatzemar continguts per a la difusi\u00f3 de v\u00eddeo o \u00e0udio, habilitar continguts din\u00e0mics (per exemple, animaci\u00f3 de c\u00e0rrega d\u2019un text o imatge) i compartir continguts a trav\u00e9s de xarxes socials.<\/li><\/ul><\/li><li><strong>Cookies de personalitzaci\u00f3<\/strong><ul><li>S\u00f3n les que permeten recordar informaci\u00f3 perqu\u00e8 l\u2019usuari accedeixi al servei amb determinades caracter\u00edstiques que poden diferenciar la seva experi\u00e8ncia de la d\u2019altres usuaris, per exemple, l\u2019idioma, el nombre de resultats que es mostra quan l\u2019usuari fa una cerca, l\u2019aspecte o el contingut del servei en funci\u00f3 del tipus de navegador a trav\u00e9s del qual l\u2019usuari accedeix al servei o de la zona des de la qual hi accedeix, etc.<\/li><\/ul><\/li><li><strong>Cookies permanents<\/strong><ul><li>S\u00f3n les que s\u2019emmagatzemen en el disc dur i que el nostre web llegeix cada vegada que es fa una nova visita. Una cookie permanent t\u00e9 una data d\u2019expiraci\u00f3 determinada. La cookie deixa de funcionar despr\u00e9s d\u2019aquesta data.<\/li><\/ul><\/li><li><strong>Cookies anal\u00edtiques<\/strong><ul><li>S\u00f3n les que permeten fer el seguiment i l\u2019an\u00e0lisi del comportament dels usuaris en els llocs web als quals estan vinculades, inclosa la quantificaci\u00f3 de l\u2019impacte dels anuncis. La informaci\u00f3 recollida mitjan\u00e7ant aquest tipus de cookies es fa servir per mesurar l\u2019activitat dels llocs web, aplicacions o plataformes, amb la finalitat d\u2019introduir millores en funci\u00f3 de l\u2019an\u00e0lisi de les dades sobre l\u2019\u00fas que fan els usuaris del servei.<\/li><\/ul><\/li><li><strong>Cookies publicit\u00e0ries<\/strong><ul><li>S\u00f3n les que emmagatzemen informaci\u00f3 del comportament dels usuaris obtinguda a trav\u00e9s de l\u2019observaci\u00f3 continuada dels seus h\u00e0bits de navegaci\u00f3, la qual cosa permet desenvolupar perfils espec\u00edfics i mostrar publicitat en funci\u00f3 de cada perfil.<\/li><\/ul><\/li><\/ul>\n\n\n\n<p>Per accedir a informaci\u00f3 sobre el tractament que fan de les teves dades les cookies de tercers consulta les respectives pol\u00edtiques de cookies.<\/p>\n\n\n\n<p><strong>QUINES COOKIES HI HA EN AQUEST WEB?<\/strong><\/p>\n\n\n\n<p>A continuaci\u00f3 trobar\u00e0s una taula esquem\u00e0tica amb una relaci\u00f3 i una descripci\u00f3 de les cookies que utilitzem en el nostre lloc web.<\/p>\n\n\n<table class=\"cookielawinfo-row-cat-table cookielawinfo-classic\"><thead><tr><th class=\"cookielawinfo-column-1\">Galeta<\/th><th class=\"cookielawinfo-column-2\">Tipus<\/th><th class=\"cookielawinfo-column-3\">Durada<\/th><th class=\"cookielawinfo-column-4\">Descripci\u00f3<\/th><\/tr><\/thead><tbody><tr class=\"cookielawinfo-row\"><td class=\"cookielawinfo-column-1\">_ga<\/td><td class=\"cookielawinfo-column-2\"><\/td><td class=\"cookielawinfo-column-3\">2 anys<\/td><td class=\"cookielawinfo-column-4\">La cookie _ga, instal\u00b7lada per <a href=\"https:\/\/policies.google.com\/privacy\" target=\"_blank\" rel=\"noopener\">Google Analytics<\/a>, calcula les dades de visitants, sessions i campanyes i tamb\u00e9 fa un seguiment de l'\u00fas del lloc per al vostre informe anal\u00edtic. La cookie emmagatzema informaci\u00f3 de forma an\u00f2nima i assigna un n\u00famero generat aleat\u00f2riament per recon\u00e8ixer visitants \u00fanics.<\/td><\/tr><tr class=\"cookielawinfo-row\"><td class=\"cookielawinfo-column-1\">_ga_E8K6K2DMKG<\/td><td class=\"cookielawinfo-column-2\"><\/td><td class=\"cookielawinfo-column-3\">2 anys<\/td><td class=\"cookielawinfo-column-4\">Aquesta cookie \u00e9s instal\u00b7lada per <a href=\"https:\/\/policies.google.com\/privacy\" target=\"_blank\" rel=\"noopener\">Google Analytics<\/a>.<\/td><\/tr><tr class=\"cookielawinfo-row\"><td class=\"cookielawinfo-column-1\">cookielawinfo-checkbox-advertisement<\/td><td class=\"cookielawinfo-column-2\"><\/td><td class=\"cookielawinfo-column-3\">session<\/td><td class=\"cookielawinfo-column-4\">Establida pel plugin de consentiment de cookies GDPR, aquesta cookie s'utilitza per registrar el consentiment de l'usuari per a les cookies a la categoria \"Anunci\".<\/td><\/tr><tr class=\"cookielawinfo-row\"><td class=\"cookielawinfo-column-1\">cookielawinfo-checkbox-analytics<\/td><td class=\"cookielawinfo-column-2\">0<\/td><td class=\"cookielawinfo-column-3\">11 mesos<\/td><td class=\"cookielawinfo-column-4\">Aquesta cookie l'estableix el plugin de consentiment de cookies de GDPR. La cookie s'utilitza per emmagatzemar el consentiment de l'usuari per a les cookies de la categoria \"Anal\u00edtica\".<\/td><\/tr><tr class=\"cookielawinfo-row\"><td class=\"cookielawinfo-column-1\">cookielawinfo-checkbox-functional<\/td><td class=\"cookielawinfo-column-2\">0<\/td><td class=\"cookielawinfo-column-3\">11 mesos<\/td><td class=\"cookielawinfo-column-4\">La cookie s'estableix pel plugin de consentiment de cookies GDPR per registrar el consentiment de l'usuari per a les cookies de la categoria \"Funcionals\".<\/td><\/tr><tr class=\"cookielawinfo-row\"><td class=\"cookielawinfo-column-1\">cookielawinfo-checkbox-necessary<\/td><td class=\"cookielawinfo-column-2\">0<\/td><td class=\"cookielawinfo-column-3\">11 mesos<\/td><td class=\"cookielawinfo-column-4\">La cookie s'estableix pel plugin de consentiment de cookies GDPR per registrar el consentiment de l'usuari per a les cookies de la categoria \"Necess\u00e0ries\".<\/td><\/tr><tr class=\"cookielawinfo-row\"><td class=\"cookielawinfo-column-1\">cookielawinfo-checkbox-performance<\/td><td class=\"cookielawinfo-column-2\">0<\/td><td class=\"cookielawinfo-column-3\">11 mesos<\/td><td class=\"cookielawinfo-column-4\">Aquesta cookie l'estableix el plugin de consentiment de cookies de GDPR. La cookie s'utilitza per emmagatzemar el consentiment de l'usuari per a les cookies de la categoria \"Rendiment\".<\/td><\/tr><tr class=\"cookielawinfo-row\"><td class=\"cookielawinfo-column-1\">CookieLawInfoConsent<\/td><td class=\"cookielawinfo-column-2\"><\/td><td class=\"cookielawinfo-column-3\">Sessi\u00f3<\/td><td class=\"cookielawinfo-column-4\">Enregistra l'estat del bot\u00f3 per defecte de la categoria corresponent i l'estatus de la CCPA. Nom\u00e9s funciona en coordinaci\u00f3 amb la cookie principal.<\/td><\/tr><tr class=\"cookielawinfo-row\"><td class=\"cookielawinfo-column-1\">viewed_cookie_policy<\/td><td class=\"cookielawinfo-column-2\">0<\/td><td class=\"cookielawinfo-column-3\">11 mesos<\/td><td class=\"cookielawinfo-column-4\">La cookie la configura el plugin de consentiment de cookies GDPR i s'utilitza per emmagatzemar si l'usuari ha consentit o no l'\u00fas de cookies. No emmagatzema cap dada personal.<\/td><\/tr><tr class=\"cookielawinfo-row\"><td class=\"cookielawinfo-column-1\">wp-wpml_current_language<\/td><td class=\"cookielawinfo-column-2\"><\/td><td class=\"cookielawinfo-column-3\">Sessi\u00f3<\/td><td class=\"cookielawinfo-column-4\">Sense descripci\u00f3<\/td><\/tr><\/tbody><\/table>\n\n\n\n<p><strong>COM S\u2019ADMINISTREN LES COOKIES AL NAVEGADOR?<\/strong><\/p>\n\n\n\n<p>L\u2019usuari t\u00e9 l\u2019opci\u00f3 de permetre, bloquejar o eliminar les cookies instal\u00b7lades en el seu equip mitjan\u00e7ant la configuraci\u00f3 de les opcions del navegador instal\u00b7lat en el seu terminal. Es tracta d\u2019una garantia complement\u00e0ria de les que s\u2019han descrit m\u00e9s amunt, en la qual el registre de les cookies podr\u00e0 dependre de la seva acceptaci\u00f3 durant la instal\u00b7laci\u00f3 o l\u2019actualitzaci\u00f3 del navegador que s\u2019ha fet servir. Aquesta acceptaci\u00f3 pot ser revocada en qualsevol moment mitjan\u00e7ant les opcions de configuraci\u00f3 de continguts i privadesa disponibles.<\/p>\n\n\n\n<p>Molts navegadors permeten configurar regles espec\u00edfiques per tal d\u2019administrar les cookies per a un lloc web, la qual cosa ofereix un control m\u00e9s prec\u00eds sobre la privadesa. Aix\u00f2 significa que es poden inhabilitar les cookies de tots els llocs, excepte d\u2019aquells en els quals es confi\u00ef. En alguns navegadors es pot activar un mode privat en el qual les cookies s\u2019esborren sempre despr\u00e9s d\u2019una visita. Depenent de cada navegador, aquest mode privat pot tenir diferents noms. Et preguem que llegeixis atentament la secci\u00f3 d\u2019ajuda del teu navegador per saber com has d\u2019activar el \u201cmode privat\u201d. Podr\u00e0s continuar visitant el nostre web encara que el teu navegador estigui en \u201cmode privat\u201d, per\u00f2 la teva navegaci\u00f3 pel web podria no ser \u00f2ptima i algunes utilitats podrien no funcionar correctament. Tot seguit trobar\u00e0s una llista dels navegadors m\u00e9s habituals i dels diferents noms que rep aquest \u201cmode privat\u201d:<\/p>\n\n\n\n<p>Internet Explorer 10 i superior: InPrivate; Safari 2 i superior: Navegaci\u00f3 Privada; Opera 10.5 i superior: Navegaci\u00f3 Privada; Firefox 3.5 i superior: Navegaci\u00f3 Privada; Google Chrome 10 i superior: Inc\u00f2gnit.<\/p>\n\n\n\n<p>NOTA: Aquesta pol\u00edtica de cookies es revisa i s\u2019actualitza peri\u00f2dicament.<\/p>\n","protected":false},"excerpt":{"rendered":"<p>Utilitzem cookies pr\u00f2pies i de tercers per a analitzar l&#8217;\u00fas del lloc web i mostrar-te publicitat relacionada amb les teves prefer\u00e8ncies sobre la base d&#8217;un perfil elaborat a partir dels teus h\u00e0bits de navegaci\u00f3 (per exemple, p\u00e0gines visitades). \u00bfQU\u00c8 \u00c9S UNA COOKIE? Aquest lloc web utilitza cookies i\/o tecnologies similars que emmagatzemen i recuperen informaci\u00f3 [&hellip;]<\/p>\n","protected":false},"author":1,"featured_media":0,"parent":0,"menu_order":0,"comment_status":"closed","ping_status":"closed","template":"page-standard.php","meta":{"inline_featured_image":false},"acf":[],"yoast_head":"<!-- This site is optimized with the Yoast SEO plugin v19.0 - https:\/\/yoast.com\/wordpress\/plugins\/seo\/ -->\n<title>Cookies - La Levantina<\/title>\n<meta name=\"robots\" content=\"index, follow, max-snippet:-1, max-image-preview:large, max-video-preview:-1\" \/>\n<link rel=\"canonical\" href=\"https:\/\/www.lalevantina.es\/ca\/cookies\/\" \/>\n<meta property=\"og:locale\" content=\"ca_ES\" \/>\n<meta property=\"og:type\" content=\"article\" \/>\n<meta property=\"og:title\" content=\"Cookies - La Levantina\" \/>\n<meta property=\"og:description\" content=\"Utilitzem cookies pr\u00f2pies i de tercers per a analitzar l&#8217;\u00fas del lloc web i mostrar-te publicitat relacionada amb les teves prefer\u00e8ncies sobre la base d&#8217;un perfil elaborat a partir dels teus h\u00e0bits de navegaci\u00f3 (per exemple, p\u00e0gines visitades). \u00bfQU\u00c8 \u00c9S UNA COOKIE? Aquest lloc web utilitza cookies i\/o tecnologies similars que emmagatzemen i recuperen informaci\u00f3 [&hellip;]\" \/>\n<meta property=\"og:url\" content=\"https:\/\/www.lalevantina.es\/ca\/cookies\/\" \/>\n<meta property=\"og:site_name\" content=\"La Levantina\" \/>\n<meta property=\"article:modified_time\" content=\"2024-01-11T10:57:52+00:00\" \/>\n<meta name=\"twitter:card\" content=\"summary_large_image\" \/>\n<meta name=\"twitter:label1\" content=\"Temps estimat de lectura\" \/>\n\t<meta name=\"twitter:data1\" content=\"6 minuts\" \/>\n<script type=\"application\/ld+json\" class=\"yoast-schema-graph\">{\"@context\":\"https:\/\/schema.org\",\"@graph\":[{\"@type\":\"WebSite\",\"@id\":\"https:\/\/www.lalevantina.es\/#website\",\"url\":\"https:\/\/www.lalevantina.es\/\",\"name\":\"La Levantina\",\"description\":\"Bebidas vegetales como las de siempre\",\"potentialAction\":[{\"@type\":\"SearchAction\",\"target\":{\"@type\":\"EntryPoint\",\"urlTemplate\":\"https:\/\/www.lalevantina.es\/?s={search_term_string}\"},\"query-input\":\"required name=search_term_string\"}],\"inLanguage\":\"ca\"},{\"@type\":\"WebPage\",\"@id\":\"https:\/\/www.lalevantina.es\/ca\/cookies\/#webpage\",\"url\":\"https:\/\/www.lalevantina.es\/ca\/cookies\/\",\"name\":\"Cookies - La Levantina\",\"isPartOf\":{\"@id\":\"https:\/\/www.lalevantina.es\/#website\"},\"datePublished\":\"2022-05-16T10:04:14+00:00\",\"dateModified\":\"2024-01-11T10:57:52+00:00\",\"breadcrumb\":{\"@id\":\"https:\/\/www.lalevantina.es\/ca\/cookies\/#breadcrumb\"},\"inLanguage\":\"ca\",\"potentialAction\":[{\"@type\":\"ReadAction\",\"target\":[\"https:\/\/www.lalevantina.es\/ca\/cookies\/\"]}]},{\"@type\":\"BreadcrumbList\",\"@id\":\"https:\/\/www.lalevantina.es\/ca\/cookies\/#breadcrumb\",\"itemListElement\":[{\"@type\":\"ListItem\",\"position\":1,\"name\":\"Home\",\"item\":\"https:\/\/www.lalevantina.es\/ca\/\"},{\"@type\":\"ListItem\",\"position\":2,\"name\":\"Cookies\"}]}]}<\/script>\n<!-- \/ Yoast SEO plugin. -->","yoast_head_json":{"title":"Cookies - La Levantina","robots":{"index":"index","follow":"follow","max-snippet":"max-snippet:-1","max-image-preview":"max-image-preview:large","max-video-preview":"max-video-preview:-1"},"canonical":"https:\/\/www.lalevantina.es\/ca\/cookies\/","og_locale":"ca_ES","og_type":"article","og_title":"Cookies - La Levantina","og_description":"Utilitzem cookies pr\u00f2pies i de tercers per a analitzar l&#8217;\u00fas del lloc web i mostrar-te publicitat relacionada amb les teves prefer\u00e8ncies sobre la base d&#8217;un perfil elaborat a partir dels teus h\u00e0bits de navegaci\u00f3 (per exemple, p\u00e0gines visitades). \u00bfQU\u00c8 \u00c9S UNA COOKIE? Aquest lloc web utilitza cookies i\/o tecnologies similars que emmagatzemen i recuperen informaci\u00f3 [&hellip;]","og_url":"https:\/\/www.lalevantina.es\/ca\/cookies\/","og_site_name":"La Levantina","article_modified_time":"2024-01-11T10:57:52+00:00","twitter_card":"summary_large_image","twitter_misc":{"Temps estimat de lectura":"6 minuts"},"schema":{"@context":"https:\/\/schema.org","@graph":[{"@type":"WebSite","@id":"https:\/\/www.lalevantina.es\/#website","url":"https:\/\/www.lalevantina.es\/","name":"La Levantina","description":"Bebidas vegetales como las de siempre","potentialAction":[{"@type":"SearchAction","target":{"@type":"EntryPoint","urlTemplate":"https:\/\/www.lalevantina.es\/?s={search_term_string}"},"query-input":"required name=search_term_string"}],"inLanguage":"ca"},{"@type":"WebPage","@id":"https:\/\/www.lalevantina.es\/ca\/cookies\/#webpage","url":"https:\/\/www.lalevantina.es\/ca\/cookies\/","name":"Cookies - La Levantina","isPartOf":{"@id":"https:\/\/www.lalevantina.es\/#website"},"datePublished":"2022-05-16T10:04:14+00:00","dateModified":"2024-01-11T10:57:52+00:00","breadcrumb":{"@id":"https:\/\/www.lalevantina.es\/ca\/cookies\/#breadcrumb"},"inLanguage":"ca","potentialAction":[{"@type":"ReadAction","target":["https:\/\/www.lalevantina.es\/ca\/cookies\/"]}]},{"@type":"BreadcrumbList","@id":"https:\/\/www.lalevantina.es\/ca\/cookies\/#breadcrumb","itemListElement":[{"@type":"ListItem","position":1,"name":"Home","item":"https:\/\/www.lalevantina.es\/ca\/"},{"@type":"ListItem","position":2,"name":"Cookies"}]}]}},"_links":{"self":[{"href":"https:\/\/www.lalevantina.es\/ca\/wp-json\/wp\/v2\/pages\/97"}],"collection":[{"href":"https:\/\/www.lalevantina.es\/ca\/wp-json\/wp\/v2\/pages"}],"about":[{"href":"https:\/\/www.lalevantina.es\/ca\/wp-json\/wp\/v2\/types\/page"}],"author":[{"embeddable":true,"href":"https:\/\/www.lalevantina.es\/ca\/wp-json\/wp\/v2\/users\/1"}],"replies":[{"embeddable":true,"href":"https:\/\/www.lalevantina.es\/ca\/wp-json\/wp\/v2\/comments?post=97"}],"version-history":[{"count":8,"href":"https:\/\/www.lalevantina.es\/ca\/wp-json\/wp\/v2\/pages\/97\/revisions"}],"predecessor-version":[{"id":178,"href":"https:\/\/www.lalevantina.es\/ca\/wp-json\/wp\/v2\/pages\/97\/revisions\/178"}],"wp:attachment":[{"href":"https:\/\/www.lalevantina.es\/ca\/wp-json\/wp\/v2\/media?parent=97"}],"curies":[{"name":"wp","href":"https:\/\/api.w.org\/{rel}","templated":true}]}}