{"id":85,"date":"2022-05-16T11:44:52","date_gmt":"2022-05-16T09:44:52","guid":{"rendered":"https:\/\/www.lalevantina.es\/politica-integrada\/"},"modified":"2025-08-07T08:20:22","modified_gmt":"2025-08-07T06:20:22","slug":"politica-integrada","status":"publish","type":"page","link":"https:\/\/www.lalevantina.es\/ca\/politica-integrada\/","title":{"rendered":"Pol\u00edtica integrada"},"content":{"rendered":"\n<div style=\"height:30px\" aria-hidden=\"true\" class=\"wp-block-spacer\"><\/div>\n\n\n\n<p>La Direcci\u00f3 de GRUPO CACAOLAT reconeix la seguretat i la salut de les persones, la qualitat i la seguretat aliment\u00e0ria de tots els nostres productes, la protecci\u00f3 del medi ambient de les nostres activitats i la responsabilitat social i corporativa com a pilars fonamentals a la seva pol\u00edtica de gesti\u00f3 empresarial.<\/p>\n\n\n\n<p>Per aix\u00f2, adquireix els compromisos seg\u00fcents:<\/p>\n\n\n\n<ol><li><strong>Solucionar les necessitats dels clients amb capacitat i agilitat<\/strong> mitjan\u00e7ant una comunicaci\u00f3 rigorosa i puntual. Aquests s\u00f3n objectius prioritaris per oferir productes i serveis excel\u00b7lents amb innovacions en el desenvolupament i la fabricaci\u00f3, i millorar la satisfacci\u00f3 de les necessitats del client i l\u2019adaptaci\u00f3 al consumidor.<\/li><li><strong>Potenciar una cultura s\u00f2lida de la seguretat aliment\u00e0ria i la qualitat com a requisits que impulsen la millora cont\u00ednua<\/strong> de totes les \u00e0rees. A trav\u00e9s seu s\u2019aconsegueix productivitat, competitivitat i rendibilitat.<\/li><li><strong>Considerar l\u2019atenci\u00f3 al client d\u2019una manera personalitzada<\/strong> sense oblidar l\u2019assessorament t\u00e8cnic per resoldre possibles reclamacions. Les opinions dels clients ens ajuden a millorar i innovar i s\u00f3n font del nostre progr\u00e9s. Volem aconseguir la satisfacci\u00f3 plena del client mitjan\u00e7ant el compliment estricte dels requisits contractats i arribar al consumidor final valorant la tend\u00e8ncia del mercat i la satisfacci\u00f3 de les expectatives dipositades en nosaltres.<\/li><li><strong>Assegurar la participaci\u00f3 de tota l\u2019organitzaci\u00f3 en la consecuci\u00f3 de la seguretat i la salut, la qualitat i la seguretat aliment\u00e0ria i el medi ambient<\/strong>, atorgar una gran import\u00e0ncia a la formaci\u00f3 i a l\u2019autocontrol, i establir programes de millora cont\u00ednua perqu\u00e8 els possibles errors es detectin abans que es produeixin.<\/li><li><strong>Fomentar el \u00abdefecte zero\u00bb i la feina ben feta<\/strong> com a base per assolir la qualitat total, reduir la generaci\u00f3 de residus potencials i obtenir el nivell d\u2019excel\u00b7l\u00e8ncia desitjat a tots els nostres productes i processos.<\/li><li><strong>Establir vincles amb els nostres prove\u00efdors<\/strong> per exigir el mateix grau de qualitat i protecci\u00f3 del medi ambient que regeix dins del <strong>GRUPO CACAOLAT<\/strong>, ja que s\u00f3n font de riquesa i afavoreixen el coneixement d\u2019aquests compromisos. I en relaci\u00f3 amb la seguretat i la salut, coordinar activitats empresarials dins de les instal\u00b7lacions de <strong>GRUPO CACAOLAT<\/strong>.<\/li><li><strong>Respectar la legalitat i l\u2019autenticitat i responsabilitzar-nos del control del frau alimentari<\/strong> per assegurar un etiquetatge correcte dels productes, aix\u00ed com un control de defensa aliment\u00e0ria per combatre qualsevol risc de sabotatge a les instal\u00b7lacions i l\u2019adulteraci\u00f3 dels productes.<\/li><li><strong>Assegurar que tot el personal de GRUPO CACAOLAT <\/strong>est\u00e0 totalment familiaritzat amb els objectius i la pol\u00edtica d\u2019empresa mitjan\u00e7ant la formaci\u00f3 a tots els nivells. Assumir les responsabilitats en el punt de treball assignat i implantar mecanismes per supervisar l\u2019efic\u00e0cia del seu desenvolupament.<\/li><li><strong>Garantir que es revisa el grau d\u2019execuci\u00f3<\/strong> dels objectius peri\u00f2dicament.<\/li><li><strong>Protegir el medi ambient, impulsar la sostenibilitat i actuar davant del canvi clim\u00e0tic<\/strong> promovent la conservaci\u00f3 dels recursos, l\u2019\u00fas d\u2019energies netes i la prevenci\u00f3 de la contaminaci\u00f3 en les nostres activitats i en d\u2019altres en qu\u00e8 puguem influir, amb el foment d\u2019una cultura proactiva que contribueixi a un futur m\u00e9s just, resilient i sostenible.<\/li><\/ol>\n\n\n\n<p>Com a comprom\u00eds final, la Direcci\u00f3 de GRUPO CACAOLAT revisar\u00e0 i analitzar\u00e0 tots els plans de cadascun dels sistemes de gesti\u00f3 per a una millora cont\u00ednua, i establir\u00e0 accions en relaci\u00f3 amb els riscos i les oportunitats de millora, en compliment de la seguretat i la salut, la qualitat i la seguretat aliment\u00e0ries, la gesti\u00f3 ambiental i la responsabilitat social corporativa.<\/p>\n\n\n\n<p>17\/07\/2025<\/p>\n","protected":false},"excerpt":{"rendered":"<p>La Direcci\u00f3 de GRUPO CACAOLAT reconeix la seguretat i la salut de les persones, la qualitat i la seguretat aliment\u00e0ria de tots els nostres productes, la protecci\u00f3 del medi ambient de les nostres activitats i la responsabilitat social i corporativa com a pilars fonamentals a la seva pol\u00edtica de gesti\u00f3 empresarial. Per aix\u00f2, adquireix els [&hellip;]<\/p>\n","protected":false},"author":1,"featured_media":0,"parent":0,"menu_order":0,"comment_status":"closed","ping_status":"open","template":"page-standard.php","meta":{"inline_featured_image":false},"acf":[],"yoast_head":"<!-- This site is optimized with the Yoast SEO plugin v19.0 - https:\/\/yoast.com\/wordpress\/plugins\/seo\/ -->\n<title>Pol\u00edtica integrada - La Levantina<\/title>\n<meta name=\"robots\" content=\"index, follow, max-snippet:-1, max-image-preview:large, max-video-preview:-1\" \/>\n<link rel=\"canonical\" href=\"https:\/\/www.lalevantina.es\/ca\/politica-integrada\/\" \/>\n<meta property=\"og:locale\" content=\"ca_ES\" \/>\n<meta property=\"og:type\" content=\"article\" \/>\n<meta property=\"og:title\" content=\"Pol\u00edtica integrada - La Levantina\" \/>\n<meta property=\"og:description\" content=\"La Direcci\u00f3 de GRUPO CACAOLAT reconeix la seguretat i la salut de les persones, la qualitat i la seguretat aliment\u00e0ria de tots els nostres productes, la protecci\u00f3 del medi ambient de les nostres activitats i la responsabilitat social i corporativa com a pilars fonamentals a la seva pol\u00edtica de gesti\u00f3 empresarial. Per aix\u00f2, adquireix els [&hellip;]\" \/>\n<meta property=\"og:url\" content=\"https:\/\/www.lalevantina.es\/ca\/politica-integrada\/\" \/>\n<meta property=\"og:site_name\" content=\"La Levantina\" \/>\n<meta property=\"article:modified_time\" content=\"2025-08-07T06:20:22+00:00\" \/>\n<meta name=\"twitter:card\" content=\"summary_large_image\" \/>\n<meta name=\"twitter:label1\" content=\"Temps estimat de lectura\" \/>\n\t<meta name=\"twitter:data1\" content=\"3 minuts\" \/>\n<script type=\"application\/ld+json\" class=\"yoast-schema-graph\">{\"@context\":\"https:\/\/schema.org\",\"@graph\":[{\"@type\":\"WebSite\",\"@id\":\"https:\/\/www.lalevantina.es\/#website\",\"url\":\"https:\/\/www.lalevantina.es\/\",\"name\":\"La Levantina\",\"description\":\"Bebidas vegetales como las de siempre\",\"potentialAction\":[{\"@type\":\"SearchAction\",\"target\":{\"@type\":\"EntryPoint\",\"urlTemplate\":\"https:\/\/www.lalevantina.es\/?s={search_term_string}\"},\"query-input\":\"required name=search_term_string\"}],\"inLanguage\":\"ca\"},{\"@type\":\"WebPage\",\"@id\":\"https:\/\/www.lalevantina.es\/ca\/politica-integrada\/#webpage\",\"url\":\"https:\/\/www.lalevantina.es\/ca\/politica-integrada\/\",\"name\":\"Pol\u00edtica integrada - La Levantina\",\"isPartOf\":{\"@id\":\"https:\/\/www.lalevantina.es\/#website\"},\"datePublished\":\"2022-05-16T09:44:52+00:00\",\"dateModified\":\"2025-08-07T06:20:22+00:00\",\"breadcrumb\":{\"@id\":\"https:\/\/www.lalevantina.es\/ca\/politica-integrada\/#breadcrumb\"},\"inLanguage\":\"ca\",\"potentialAction\":[{\"@type\":\"ReadAction\",\"target\":[\"https:\/\/www.lalevantina.es\/ca\/politica-integrada\/\"]}]},{\"@type\":\"BreadcrumbList\",\"@id\":\"https:\/\/www.lalevantina.es\/ca\/politica-integrada\/#breadcrumb\",\"itemListElement\":[{\"@type\":\"ListItem\",\"position\":1,\"name\":\"Home\",\"item\":\"https:\/\/www.lalevantina.es\/ca\/\"},{\"@type\":\"ListItem\",\"position\":2,\"name\":\"Pol\u00edtica integrada\"}]}]}<\/script>\n<!-- \/ Yoast SEO plugin. -->","yoast_head_json":{"title":"Pol\u00edtica integrada - La Levantina","robots":{"index":"index","follow":"follow","max-snippet":"max-snippet:-1","max-image-preview":"max-image-preview:large","max-video-preview":"max-video-preview:-1"},"canonical":"https:\/\/www.lalevantina.es\/ca\/politica-integrada\/","og_locale":"ca_ES","og_type":"article","og_title":"Pol\u00edtica integrada - La Levantina","og_description":"La Direcci\u00f3 de GRUPO CACAOLAT reconeix la seguretat i la salut de les persones, la qualitat i la seguretat aliment\u00e0ria de tots els nostres productes, la protecci\u00f3 del medi ambient de les nostres activitats i la responsabilitat social i corporativa com a pilars fonamentals a la seva pol\u00edtica de gesti\u00f3 empresarial. Per aix\u00f2, adquireix els [&hellip;]","og_url":"https:\/\/www.lalevantina.es\/ca\/politica-integrada\/","og_site_name":"La Levantina","article_modified_time":"2025-08-07T06:20:22+00:00","twitter_card":"summary_large_image","twitter_misc":{"Temps estimat de lectura":"3 minuts"},"schema":{"@context":"https:\/\/schema.org","@graph":[{"@type":"WebSite","@id":"https:\/\/www.lalevantina.es\/#website","url":"https:\/\/www.lalevantina.es\/","name":"La Levantina","description":"Bebidas vegetales como las de siempre","potentialAction":[{"@type":"SearchAction","target":{"@type":"EntryPoint","urlTemplate":"https:\/\/www.lalevantina.es\/?s={search_term_string}"},"query-input":"required name=search_term_string"}],"inLanguage":"ca"},{"@type":"WebPage","@id":"https:\/\/www.lalevantina.es\/ca\/politica-integrada\/#webpage","url":"https:\/\/www.lalevantina.es\/ca\/politica-integrada\/","name":"Pol\u00edtica integrada - La Levantina","isPartOf":{"@id":"https:\/\/www.lalevantina.es\/#website"},"datePublished":"2022-05-16T09:44:52+00:00","dateModified":"2025-08-07T06:20:22+00:00","breadcrumb":{"@id":"https:\/\/www.lalevantina.es\/ca\/politica-integrada\/#breadcrumb"},"inLanguage":"ca","potentialAction":[{"@type":"ReadAction","target":["https:\/\/www.lalevantina.es\/ca\/politica-integrada\/"]}]},{"@type":"BreadcrumbList","@id":"https:\/\/www.lalevantina.es\/ca\/politica-integrada\/#breadcrumb","itemListElement":[{"@type":"ListItem","position":1,"name":"Home","item":"https:\/\/www.lalevantina.es\/ca\/"},{"@type":"ListItem","position":2,"name":"Pol\u00edtica integrada"}]}]}},"_links":{"self":[{"href":"https:\/\/www.lalevantina.es\/ca\/wp-json\/wp\/v2\/pages\/85"}],"collection":[{"href":"https:\/\/www.lalevantina.es\/ca\/wp-json\/wp\/v2\/pages"}],"about":[{"href":"https:\/\/www.lalevantina.es\/ca\/wp-json\/wp\/v2\/types\/page"}],"author":[{"embeddable":true,"href":"https:\/\/www.lalevantina.es\/ca\/wp-json\/wp\/v2\/users\/1"}],"replies":[{"embeddable":true,"href":"https:\/\/www.lalevantina.es\/ca\/wp-json\/wp\/v2\/comments?post=85"}],"version-history":[{"count":7,"href":"https:\/\/www.lalevantina.es\/ca\/wp-json\/wp\/v2\/pages\/85\/revisions"}],"predecessor-version":[{"id":196,"href":"https:\/\/www.lalevantina.es\/ca\/wp-json\/wp\/v2\/pages\/85\/revisions\/196"}],"wp:attachment":[{"href":"https:\/\/www.lalevantina.es\/ca\/wp-json\/wp\/v2\/media?parent=85"}],"curies":[{"name":"wp","href":"https:\/\/api.w.org\/{rel}","templated":true}]}}