{"id":104,"date":"2022-05-16T10:27:51","date_gmt":"2022-05-16T08:27:51","guid":{"rendered":"https:\/\/www.lalevantina.es\/aviso-legal\/"},"modified":"2025-01-24T13:58:05","modified_gmt":"2025-01-24T11:58:05","slug":"aviso-legal","status":"publish","type":"page","link":"https:\/\/www.lalevantina.es\/ca\/aviso-legal\/","title":{"rendered":"Av\u00eds legal"},"content":{"rendered":"\n<div style=\"height:30px\" aria-hidden=\"true\" class=\"wp-block-spacer\"><\/div>\n\n\n\n<p><strong>GRUPO CACAOLAT S.L.<\/strong>&nbsp;(d\u2019ara endavant, Cacaolat), amb CIF: B64975634, domiciliada a l\u2019avinguda Francesc Maci\u00e0, 255-233, 08924 \u2013 Santa Coloma de Gramenet (Barcelona), informa els usuaris de la p\u00e0gina web&nbsp;<a href=\"https:\/\/www.lalevantina.es\/\"><\/a><a href=\"https:\/\/www.lalevantina.es\/\">https:\/\/www.lalevantina.es\/<\/a>, de la qual \u00e9s la titular, de les condicions d\u2019acc\u00e9s i \u00fas d\u2019aquest lloc web.<\/p>\n\n\n\n<p>Inscrita en el Registre Mercantil de Barcelona, tom 40937, foli 0013, full B373358.<\/p>\n\n\n\n<p>L\u2019acc\u00e9s a la p\u00e0gina web \u201cwww.lalevantina.es\u201d i l\u2019\u00fas que se\u2019n faci, es regeixen per les condicions generals seg\u00fcents, i hi queden subjectes. La utilitzaci\u00f3 de totes les p\u00e0gines web titularitat de Cacaolat suposa l\u2019acceptaci\u00f3 plena per l\u2019usuari de totes les condicions generals d\u2019acc\u00e9s i \u00fas vigents en cada moment en qu\u00e8 l\u2019usuari hi accedeixi. Cacaolat es reserva el dret de modificar en qualsevol moment aquestes condicions generals.<\/p>\n\n\n\n<p>Tots els continguts de les p\u00e0gines web de Cacaolat (entre d\u2019altres, textos, imatges, fotografies, \u00e0udio, v\u00eddeo, programari, disseny i signes identificatius) estan sotmesos a la normativa sobre propietat intel\u00b7lectual o industrial. Els drets sobre els continguts pertanyen a Cacaolat o, si escau, a tercers. En cap cas l\u2019acc\u00e9s a les p\u00e0gines web de Cacaolat implica cessi\u00f3, transmissi\u00f3 o qualsevol tipus de ren\u00fancia de drets de propietat intel\u00b7lectual o industrial.<\/p>\n\n\n\n<p>L\u2019usuari no pot, en cap cas, modificar o suprimir les dades identificatives que hi hagi, si escau, dels drets de Cacaolat o de tercers sobre els continguts. L\u2019usuari \u00fanicament pot accedir als continguts pels mitjans o procediments que s\u2019hagin posat a disposici\u00f3 a aquest efecte a les p\u00e0gines web de Cacaolat o que s\u2019utilitzin habitualment a Internet amb aquest fi, sempre que no impliquin violaci\u00f3 de drets de propietat intel\u00b7lectual o algun tipus de dany per a les p\u00e0gines web de Cacaolat o la informaci\u00f3 i serveis oferts.<\/p>\n\n\n\n<p>L\u2019usuari es compromet a utilitzar les informacions i els serveis de la p\u00e0gina web de Cacaolat de conformitat amb la llei, aquestes condicions generals, la moral, els bons costums i l\u2019ordre p\u00fablic. En particular, l\u2019usuari es compromet a fer un \u00fas correcte i l\u00edcit dels serveis i continguts i a no dur a terme les activitats seg\u00fcents: a) efectuar actes contraris als drets de propietat intel\u00b7lectual o propietat industrial dels seus leg\u00edtims titulars; b) difondre continguts o propaganda de car\u00e0cter racista, xen\u00f2fob, pornogr\u00e0fic, il\u00b7legal, contrari als drets humans o que faci apologia del terrorisme; c) provocar danys en els sistemes inform\u00e0tics de Cacaolat, dels seus prove\u00efdors o de tercers o introduir o difondre virus inform\u00e0tics o un altre tipus de sistemes f\u00edsics o l\u00f2gics que puguin causar danys en sistemes inform\u00e0tics, com ara l\u2019enviament de missatges electr\u00f2nics no sol\u00b7licitats de manera continuada; i d) trametre publicitat o enviar missatges electr\u00f2nics no sol\u00b7licitats o autoritzats. Cacaolat no es responsabilitza de qualsevol dany o perjudici en el programari o maquinari de l\u2019usuari que es derivi de l\u2019acc\u00e9s a les p\u00e0gines web de Cacaolat o de l\u2019\u00fas d\u2019informaci\u00f3 o aplicacions que s\u2019hi continguin.<\/p>\n\n\n\n<p>Cacaolat no garanteix la idone\u00eftat, fiabilitat, disponibilitat, oportunitat o exactitud de la informaci\u00f3 o els serveis continguts a les seves p\u00e0gines web, i poden actualitzar-se, modificar-se o eliminar-se sense previ av\u00eds sempre que es respectin, en qualsevol cas, les previsions legals d\u2019informaci\u00f3.<\/p>\n\n\n\n<p>Cacaolat no garanteix que els continguts de les seves p\u00e0gines siguin aptes o estiguin disponibles fora d\u2019Espanya. En el sup\u00f2sit que la totalitat o part dels continguts de les p\u00e0gines de Cacaolat siguin considerats il\u00b7legals en pa\u00efsos diferents d\u2019Espanya, queda prohibit que els usuaris hi accedeixin o la utilitzin i, en el cas que aix\u00f2 es produeixi, ser\u00e0 exclusivament sota la responsabilitat dels usuaris, que estan obligats al compliment de les lleis nacionals d\u2019aplicaci\u00f3.<\/p>\n\n\n\n<p>Cacaolat no assumeix cap responsabilitat derivada dels continguts que terceres parts hagin incl\u00f2s en els enlla\u00e7os als quals es faci refer\u00e8ncia en aquesta p\u00e0gina. L\u2019establiment de l\u2019enlla\u00e7 no implica en cap cas l\u2019exist\u00e8ncia de relacions entre Cacaolat i el propietari de la p\u00e0gina web en qu\u00e8 s\u2019estableixi, ni l\u2019acceptaci\u00f3 o aprovaci\u00f3 dels continguts o dels serveis que s\u2019hi ofereixen.<\/p>\n\n\n\n<p>Cacaolat es reserva, sense necessitat de previ av\u00eds i en qualsevol moment, el dret de suspendre temporalment l\u2019acc\u00e9s a les seves p\u00e0gines web i d\u2019efectuar les modificacions que consideri oportunes de les p\u00e0gines, els serveis o les informacions ofertes, de la presentaci\u00f3 o localitzaci\u00f3 d\u2019aquestes, i de les condicions generals d\u2019acc\u00e9s i \u00fas. Tota la informaci\u00f3 que es rebi a les p\u00e0gines web de Cacaolat es considera cedida a Cacaolat a t\u00edtol gratu\u00eft.<\/p>\n\n\n\n<p>El correu electr\u00f2nic no es considera un mitj\u00e0 v\u00e0lid a l\u2019efecte de presentaci\u00f3 de reclamacions. Per a aix\u00f2 us heu d\u2019adre\u00e7ar al Departament de M\u00e0rqueting de Cacaolat, Av. Francesc Maci\u00e0 225-233, 08924 Santa Coloma de Gramenet (Barcelona), que indicar\u00e0 en cada cas els passos que cal seguir.<\/p>\n\n\n\n<p>Totes les q\u00fcestions relatives a les p\u00e0gines web de Cacaolat es regeixen per la legislaci\u00f3 espanyola i se sotmeten a la jurisdicci\u00f3 dels jutjats i tribunals de Barcelona, \u200b\u200bamb ren\u00fancia a qualsevol fur que hi pugui correspondre.<\/p>\n\n\n\n<p id=\"privacidad\"><strong>POL\u00cdTICA DE PRIVACITAT<\/strong><br>En compliment del que disposa el Reglament (UE) 2016\/679 de 27 d\u2019abril, general de protecci\u00f3 de dades i la resta de normativa aplicable, us informem de la nostra pol\u00edtica de privacitat i de com gestionem les dades personals que ens proporcioneu a trav\u00e9s del web o per altres mitjans.<\/p>\n\n\n\n<p><strong>RESPONSABLE<\/strong><br>Les vostres dades personals s\u00f3n tractades per&nbsp;<strong>GRUPO CACAOLAT, S.L<\/strong>, amb domicili a Av. Francesc Maci\u00e0 225-233, 08924 Santa Coloma de Gramenet (Barcelona).<\/p>\n\n\n\n<p><strong>FINALITAT<\/strong><\/p>\n\n\n\n<p>Les dades personals \u00fanicament s\u00f3n tractades per alguna de les seg\u00fcents finalitats:<\/p>\n\n\n\n<ol><li>Contacte: utilitzarem les dades per atendre la vostra sol\u00b7licitud, respondre la vostra pregunta o facilitar-vos la informaci\u00f3 sol\u00b7licitada.<\/li><li>Els CV nom\u00e9s els utilitzarem en els processos de selecci\u00f3 en els que hagis participat, quedant autom\u00e0ticament bloquejats en el moment que hagi finalitzat.<\/li><li>Si sou clients o prove\u00efdors, nom\u00e9s farem servir les dades per gestionar la vostra relaci\u00f3 comercial amb la nostra companyia i per mantenir-vos informat de les nostres not\u00edcies i novetats d\u2019acord a lo previst en la normativa vigent.<\/li><li>Per gestionar les visites a la f\u00e0brica solicitades.<\/li><li>Si us adreceu a nosaltres amb relaci\u00f3 a un dels nostres productes, les vostres dades nom\u00e9s seran tractades per gestionar el vostre expedient, petici\u00f3 o reclamaci\u00f3.<\/li><\/ol>\n\n\n\n<p><strong>LEGITIMACI\u00d3<\/strong><br>La Base Legal per tractar les dades personals de les Finalitats 1 i 5 es l\u2019inter\u00e8s leg\u00edtim que tenim a poder atendre la teva petici\u00f3.<\/p>\n\n\n\n<p>La Base Legal per tracta les dades personals de les Finalitats 2, 3 i 4 es la necessitat per l\u2019execuci\u00f3 d\u2019un contracte.<\/p>\n\n\n\n<p>En tots els casos tractar\u00edem el nom i cognoms, DNI, correu electr\u00f2nic i tel\u00e8fon.<\/p>\n\n\n\n<p>D\u2019acord amb el Reglament General Europeu De Protecci\u00f3 De Dades, hem fet el que es coneix com a \u00abprova de sospesament\u00bb, es a dir, un an\u00e0lisi intern per a confirmar que el nostre inter\u00e8s leg\u00edtim no perjudica els interessos dels nostres usuaris en la protecci\u00f3 de les seves dades personals. en resum, que la seva privacitat no resulta perjudicada.<\/p>\n\n\n\n<p>Com a conclusi\u00f3, entenem que preval el nostre inter\u00e8s a realitzar aquest tractament per a respondre els seus possibles dubtes, consultes i peticions. A m\u00e9s a m\u00e9s, nom\u00e9s s\u2019utilitzaran dades que hagi facilitat directament ell mateix.<\/p>\n\n\n\n<p>En tot cas, l\u2019usuari t\u00e9 dret a obtenir major informaci\u00f3 aix\u00ed com exercitar el seu dret d\u2019oposici\u00f3 i negar-se a tals tractaments.<\/p>\n\n\n\n<p><strong>DESTINATARIS<\/strong><br>Les dades personals nom\u00e9s seran utilitzades per la nostra companyia. No cedirem ni comunicarem les vostres dades a tercers excepte per al compliment de les obligacions legals a qu\u00e8 estiguem obligats per ra\u00f3 del nostre negoci (administracions p\u00fabliques, entitats financeres, asseguradores).<\/p>\n\n\n\n<p><strong>SEGURETAT<\/strong><br><strong>GRUPO CACAOLAT<\/strong>&nbsp;ha adoptat totes les mesures de seguretat t\u00e8cniques i organitzatives necess\u00e0ries per garantir la confidencialitat, integritat i disponibilitat de les dades personals tenint en compte l\u2019estat de la t\u00e8cnica, els costos d\u2019aplicaci\u00f3 i la naturalesa, l\u2019abast, el context i les finalitats dels tractaments duts a terme aix\u00ed com els riscos en termes de probabilitat i gravetat per als drets i llibertats de les persones f\u00edsiques.<\/p>\n\n\n\n<p><strong>DRETS<\/strong><br>Us informem que podeu exercir en qualsevol moment els drets d\u2019acc\u00e9s, rectificaci\u00f3, limitaci\u00f3, oposici\u00f3, portabilitat i supressi\u00f3 de les vostres dades i els de limitaci\u00f3 i oposici\u00f3 al seu tractament. Per a aix\u00f2 us podeu adre\u00e7ar a nosaltres a\u00a0<a href=\"mailto:info@cacaolat.com\"><a href=\"mailto:sac@cacaolat.com\" target=\"_blank\" rel=\"noreferrer noopener\">sac@cacaolat.com<\/a><\/a><\/p>\n\n\n\n<p>Si considereu que el tractament no s\u2019ajusta a la normativa vigent de protecci\u00f3 de dades, teniu dret a presentar una reclamaci\u00f3 davant l\u2019autoritat de control (Ag\u00e8ncia Espanyola de Protecci\u00f3 de Dades) a www.agpd.es, malgrat que \u00e9s comprom\u00eds de&nbsp;<strong>GRUPO CACAOLAT<\/strong>&nbsp;garantir la privacitat i la seguretat de les dades i resoldre internament qualsevol q\u00fcesti\u00f3 que hi estigui relacionada.<\/p>\n\n\n\n<p><strong>REGISTRES<\/strong><br><strong>GRUPO CACAOLAT, S.L.<\/strong>&nbsp;t\u00e9 la marca registrada&nbsp;LA LEVANTINA n\u00ba M1246336.<\/p>\n","protected":false},"excerpt":{"rendered":"<p>GRUPO CACAOLAT S.L.&nbsp;(d\u2019ara endavant, Cacaolat), amb CIF: B64975634, domiciliada a l\u2019avinguda Francesc Maci\u00e0, 255-233, 08924 \u2013 Santa Coloma de Gramenet (Barcelona), informa els usuaris de la p\u00e0gina web&nbsp;https:\/\/www.lalevantina.es\/, de la qual \u00e9s la titular, de les condicions d\u2019acc\u00e9s i \u00fas d\u2019aquest lloc web. Inscrita en el Registre Mercantil de Barcelona, tom 40937, foli 0013, full [&hellip;]<\/p>\n","protected":false},"author":1,"featured_media":0,"parent":0,"menu_order":0,"comment_status":"closed","ping_status":"closed","template":"page-standard.php","meta":{"inline_featured_image":false},"acf":[],"yoast_head":"<!-- This site is optimized with the Yoast SEO plugin v19.0 - https:\/\/yoast.com\/wordpress\/plugins\/seo\/ -->\n<title>Av\u00eds legal - La Levantina<\/title>\n<meta name=\"robots\" content=\"index, follow, max-snippet:-1, max-image-preview:large, max-video-preview:-1\" \/>\n<link rel=\"canonical\" href=\"https:\/\/www.lalevantina.es\/ca\/aviso-legal\/\" \/>\n<meta property=\"og:locale\" content=\"ca_ES\" \/>\n<meta property=\"og:type\" content=\"article\" \/>\n<meta property=\"og:title\" content=\"Av\u00eds legal - La Levantina\" \/>\n<meta property=\"og:description\" content=\"GRUPO CACAOLAT S.L.&nbsp;(d\u2019ara endavant, Cacaolat), amb CIF: B64975634, domiciliada a l\u2019avinguda Francesc Maci\u00e0, 255-233, 08924 \u2013 Santa Coloma de Gramenet (Barcelona), informa els usuaris de la p\u00e0gina web&nbsp;https:\/\/www.lalevantina.es\/, de la qual \u00e9s la titular, de les condicions d\u2019acc\u00e9s i \u00fas d\u2019aquest lloc web. Inscrita en el Registre Mercantil de Barcelona, tom 40937, foli 0013, full [&hellip;]\" \/>\n<meta property=\"og:url\" content=\"https:\/\/www.lalevantina.es\/ca\/aviso-legal\/\" \/>\n<meta property=\"og:site_name\" content=\"La Levantina\" \/>\n<meta property=\"article:modified_time\" content=\"2025-01-24T11:58:05+00:00\" \/>\n<meta name=\"twitter:card\" content=\"summary_large_image\" \/>\n<meta name=\"twitter:label1\" content=\"Temps estimat de lectura\" \/>\n\t<meta name=\"twitter:data1\" content=\"7 minuts\" \/>\n<script type=\"application\/ld+json\" class=\"yoast-schema-graph\">{\"@context\":\"https:\/\/schema.org\",\"@graph\":[{\"@type\":\"WebSite\",\"@id\":\"https:\/\/www.lalevantina.es\/#website\",\"url\":\"https:\/\/www.lalevantina.es\/\",\"name\":\"La Levantina\",\"description\":\"Bebidas vegetales como las de siempre\",\"potentialAction\":[{\"@type\":\"SearchAction\",\"target\":{\"@type\":\"EntryPoint\",\"urlTemplate\":\"https:\/\/www.lalevantina.es\/?s={search_term_string}\"},\"query-input\":\"required name=search_term_string\"}],\"inLanguage\":\"ca\"},{\"@type\":\"WebPage\",\"@id\":\"https:\/\/www.lalevantina.es\/ca\/aviso-legal\/#webpage\",\"url\":\"https:\/\/www.lalevantina.es\/ca\/aviso-legal\/\",\"name\":\"Av\u00eds legal - La Levantina\",\"isPartOf\":{\"@id\":\"https:\/\/www.lalevantina.es\/#website\"},\"datePublished\":\"2022-05-16T08:27:51+00:00\",\"dateModified\":\"2025-01-24T11:58:05+00:00\",\"breadcrumb\":{\"@id\":\"https:\/\/www.lalevantina.es\/ca\/aviso-legal\/#breadcrumb\"},\"inLanguage\":\"ca\",\"potentialAction\":[{\"@type\":\"ReadAction\",\"target\":[\"https:\/\/www.lalevantina.es\/ca\/aviso-legal\/\"]}]},{\"@type\":\"BreadcrumbList\",\"@id\":\"https:\/\/www.lalevantina.es\/ca\/aviso-legal\/#breadcrumb\",\"itemListElement\":[{\"@type\":\"ListItem\",\"position\":1,\"name\":\"Home\",\"item\":\"https:\/\/www.lalevantina.es\/ca\/\"},{\"@type\":\"ListItem\",\"position\":2,\"name\":\"Av\u00eds legal\"}]}]}<\/script>\n<!-- \/ Yoast SEO plugin. -->","yoast_head_json":{"title":"Av\u00eds legal - La Levantina","robots":{"index":"index","follow":"follow","max-snippet":"max-snippet:-1","max-image-preview":"max-image-preview:large","max-video-preview":"max-video-preview:-1"},"canonical":"https:\/\/www.lalevantina.es\/ca\/aviso-legal\/","og_locale":"ca_ES","og_type":"article","og_title":"Av\u00eds legal - La Levantina","og_description":"GRUPO CACAOLAT S.L.&nbsp;(d\u2019ara endavant, Cacaolat), amb CIF: B64975634, domiciliada a l\u2019avinguda Francesc Maci\u00e0, 255-233, 08924 \u2013 Santa Coloma de Gramenet (Barcelona), informa els usuaris de la p\u00e0gina web&nbsp;https:\/\/www.lalevantina.es\/, de la qual \u00e9s la titular, de les condicions d\u2019acc\u00e9s i \u00fas d\u2019aquest lloc web. Inscrita en el Registre Mercantil de Barcelona, tom 40937, foli 0013, full [&hellip;]","og_url":"https:\/\/www.lalevantina.es\/ca\/aviso-legal\/","og_site_name":"La Levantina","article_modified_time":"2025-01-24T11:58:05+00:00","twitter_card":"summary_large_image","twitter_misc":{"Temps estimat de lectura":"7 minuts"},"schema":{"@context":"https:\/\/schema.org","@graph":[{"@type":"WebSite","@id":"https:\/\/www.lalevantina.es\/#website","url":"https:\/\/www.lalevantina.es\/","name":"La Levantina","description":"Bebidas vegetales como las de siempre","potentialAction":[{"@type":"SearchAction","target":{"@type":"EntryPoint","urlTemplate":"https:\/\/www.lalevantina.es\/?s={search_term_string}"},"query-input":"required name=search_term_string"}],"inLanguage":"ca"},{"@type":"WebPage","@id":"https:\/\/www.lalevantina.es\/ca\/aviso-legal\/#webpage","url":"https:\/\/www.lalevantina.es\/ca\/aviso-legal\/","name":"Av\u00eds legal - La Levantina","isPartOf":{"@id":"https:\/\/www.lalevantina.es\/#website"},"datePublished":"2022-05-16T08:27:51+00:00","dateModified":"2025-01-24T11:58:05+00:00","breadcrumb":{"@id":"https:\/\/www.lalevantina.es\/ca\/aviso-legal\/#breadcrumb"},"inLanguage":"ca","potentialAction":[{"@type":"ReadAction","target":["https:\/\/www.lalevantina.es\/ca\/aviso-legal\/"]}]},{"@type":"BreadcrumbList","@id":"https:\/\/www.lalevantina.es\/ca\/aviso-legal\/#breadcrumb","itemListElement":[{"@type":"ListItem","position":1,"name":"Home","item":"https:\/\/www.lalevantina.es\/ca\/"},{"@type":"ListItem","position":2,"name":"Av\u00eds legal"}]}]}},"_links":{"self":[{"href":"https:\/\/www.lalevantina.es\/ca\/wp-json\/wp\/v2\/pages\/104"}],"collection":[{"href":"https:\/\/www.lalevantina.es\/ca\/wp-json\/wp\/v2\/pages"}],"about":[{"href":"https:\/\/www.lalevantina.es\/ca\/wp-json\/wp\/v2\/types\/page"}],"author":[{"embeddable":true,"href":"https:\/\/www.lalevantina.es\/ca\/wp-json\/wp\/v2\/users\/1"}],"replies":[{"embeddable":true,"href":"https:\/\/www.lalevantina.es\/ca\/wp-json\/wp\/v2\/comments?post=104"}],"version-history":[{"count":7,"href":"https:\/\/www.lalevantina.es\/ca\/wp-json\/wp\/v2\/pages\/104\/revisions"}],"predecessor-version":[{"id":191,"href":"https:\/\/www.lalevantina.es\/ca\/wp-json\/wp\/v2\/pages\/104\/revisions\/191"}],"wp:attachment":[{"href":"https:\/\/www.lalevantina.es\/ca\/wp-json\/wp\/v2\/media?parent=104"}],"curies":[{"name":"wp","href":"https:\/\/api.w.org\/{rel}","templated":true}]}}